{"id":21327,"date":"2023-06-19T15:05:29","date_gmt":"2023-06-19T08:05:29","guid":{"rendered":"https:\/\/livarose.com.tr\/?page_id=21327"},"modified":"2025-09-11T14:44:43","modified_gmt":"2025-09-11T11:44:43","slug":"fashion-modern-1","status":"publish","type":"page","link":"https:\/\/livarose.com.tr\/","title":{"rendered":"Fashion Modern &#8211; 1"},"content":{"rendered":"\t\t<div data-elementor-type=\"wp-page\" data-elementor-id=\"21327\" class=\"elementor elementor-21327\">\n\t\t\t\t<div class=\"elementor-element elementor-element-14683e4 e-flex e-con-boxed e-con e-parent\" data-id=\"14683e4\" data-element_type=\"container\" data-e-type=\"container\">\n\t\t\t\t\t<div class=\"e-con-inner\">\n\t\t\t\t<div class=\"elementor-element elementor-element-34980c2 elementor-arrows-position-inside elementor-pagination-position-outside elementor-widget elementor-widget-image-carousel\" data-id=\"34980c2\" data-element_type=\"widget\" data-e-type=\"widget\" data-settings=\"{&quot;autoplay_speed&quot;:2000,&quot;navigation&quot;:&quot;both&quot;,&quot;autoplay&quot;:&quot;yes&quot;,&quot;pause_on_hover&quot;:&quot;yes&quot;,&quot;pause_on_interaction&quot;:&quot;yes&quot;,&quot;infinite&quot;:&quot;yes&quot;,&quot;speed&quot;:500}\" data-widget_type=\"image-carousel.default\">\n\t\t\t\t<div class=\"elementor-widget-container\">\n\t\t\t\t\t\t\t<div class=\"elementor-image-carousel-wrapper swiper\" role=\"region\" aria-roledescription=\"carousel\" aria-label=\"Resim D\u00f6ng\u00fcs\u00fc\" dir=\"ltr\">\n\t\t\t<div class=\"elementor-image-carousel swiper-wrapper\" aria-live=\"off\">\n\t\t\t\t\t\t\t\t<div class=\"swiper-slide\" role=\"group\" aria-roledescription=\"slide\" aria-label=\"1 \/ 5\"><figure class=\"swiper-slide-inner\"><img decoding=\"async\" class=\"swiper-slide-image\" src=\"https:\/\/livarose.com.tr\/wp-content\/uploads\/2025\/09\/vitrin-powder-700x700.jpg\" alt=\"vitrin powder\" \/><\/figure><\/div><div class=\"swiper-slide\" role=\"group\" aria-roledescription=\"slide\" aria-label=\"2 \/ 5\"><figure class=\"swiper-slide-inner\"><img decoding=\"async\" class=\"swiper-slide-image\" src=\"https:\/\/livarose.com.tr\/wp-content\/uploads\/2025\/09\/vitrin-Ocean-700x700.jpg\" alt=\"vitrin Ocean\" \/><\/figure><\/div><div class=\"swiper-slide\" role=\"group\" aria-roledescription=\"slide\" aria-label=\"3 \/ 5\"><figure class=\"swiper-slide-inner\"><img decoding=\"async\" class=\"swiper-slide-image\" src=\"https:\/\/livarose.com.tr\/wp-content\/uploads\/2025\/09\/vitrin-mango-700x700.jpg\" alt=\"vitrin mango\" \/><\/figure><\/div><div class=\"swiper-slide\" role=\"group\" aria-roledescription=\"slide\" aria-label=\"4 \/ 5\"><figure class=\"swiper-slide-inner\"><img decoding=\"async\" class=\"swiper-slide-image\" src=\"https:\/\/livarose.com.tr\/wp-content\/uploads\/2025\/09\/vitrin-levander-700x700.jpg\" alt=\"vitrin levander\" \/><\/figure><\/div><div class=\"swiper-slide\" role=\"group\" aria-roledescription=\"slide\" aria-label=\"5 \/ 5\"><figure class=\"swiper-slide-inner\"><img decoding=\"async\" class=\"swiper-slide-image\" src=\"https:\/\/livarose.com.tr\/wp-content\/uploads\/2025\/09\/vitrin-belisima-700x700.jpg\" alt=\"vitrin belisima\" \/><\/figure><\/div>\t\t\t<\/div>\n\t\t\t\t\t\t\t\t\t\t\t\t<div class=\"elementor-swiper-button elementor-swiper-button-prev\" role=\"button\" tabindex=\"0\">\n\t\t\t\t\t\t<svg aria-hidden=\"true\" class=\"e-font-icon-svg e-eicon-chevron-left\" viewBox=\"0 0 1000 1000\" xmlns=\"http:\/\/www.w3.org\/2000\/svg\"><path d=\"M646 125C629 125 613 133 604 142L308 442C296 454 292 471 292 487 292 504 296 521 308 533L604 854C617 867 629 875 646 875 663 875 679 871 692 858 704 846 713 829 713 812 713 796 708 779 692 767L438 487 692 225C700 217 708 204 708 187 708 171 704 154 692 142 675 129 663 125 646 125Z\"><\/path><\/svg>\t\t\t\t\t<\/div>\n\t\t\t\t\t<div class=\"elementor-swiper-button elementor-swiper-button-next\" role=\"button\" tabindex=\"0\">\n\t\t\t\t\t\t<svg aria-hidden=\"true\" class=\"e-font-icon-svg e-eicon-chevron-right\" viewBox=\"0 0 1000 1000\" xmlns=\"http:\/\/www.w3.org\/2000\/svg\"><path d=\"M696 533C708 521 713 504 713 487 713 471 708 454 696 446L400 146C388 133 375 125 354 125 338 125 325 129 313 142 300 154 292 171 292 187 292 204 296 221 308 233L563 492 304 771C292 783 288 800 288 817 288 833 296 850 308 863 321 871 338 875 354 875 371 875 388 867 400 854L696 533Z\"><\/path><\/svg>\t\t\t\t\t<\/div>\n\t\t\t\t\n\t\t\t\t\t\t\t\t\t<div class=\"swiper-pagination\"><\/div>\n\t\t\t\t\t\t\t\t\t<\/div>\n\t\t\t\t\t\t<\/div>\n\t\t\t\t<\/div>\n\t\t\t\t\t<\/div>\n\t\t\t\t<\/div>\n\t\t<div class=\"elementor-element elementor-element-21bffc6 e-flex e-con-boxed e-con e-parent\" data-id=\"21bffc6\" data-element_type=\"container\" data-e-type=\"container\">\n\t\t\t\t\t<div class=\"e-con-inner\">\n\t\t<div class=\"elementor-element elementor-element-6fca12c e-con-full e-flex e-con e-child\" data-id=\"6fca12c\" data-element_type=\"container\" data-e-type=\"container\">\n\t\t\t\t<div class=\"elementor-element elementor-element-2f4619b elementor-widget elementor-widget-image\" data-id=\"2f4619b\" data-element_type=\"widget\" data-e-type=\"widget\" data-widget_type=\"image.default\">\n\t\t\t\t<div class=\"elementor-widget-container\">\n\t\t\t\t\t\t\t\t\t\t\t\t\t\t\t<img fetchpriority=\"high\" decoding=\"async\" width=\"1024\" height=\"683\" src=\"https:\/\/livarose.com.tr\/wp-content\/uploads\/2025\/09\/vitrin-Ocean-1024x683.jpg\" class=\"attachment-large size-large wp-image-22390\" alt=\"\" srcset=\"https:\/\/livarose.com.tr\/wp-content\/uploads\/2025\/09\/vitrin-Ocean-1024x683.jpg 1024w, https:\/\/livarose.com.tr\/wp-content\/uploads\/2025\/09\/vitrin-Ocean-scaled-1000x667.jpg 1000w, https:\/\/livarose.com.tr\/wp-content\/uploads\/2025\/09\/vitrin-Ocean-300x200.jpg 300w, https:\/\/livarose.com.tr\/wp-content\/uploads\/2025\/09\/vitrin-Ocean-768x512.jpg 768w, https:\/\/livarose.com.tr\/wp-content\/uploads\/2025\/09\/vitrin-Ocean-340x227.jpg 340w, https:\/\/livarose.com.tr\/wp-content\/uploads\/2025\/09\/vitrin-Ocean-1536x1024.jpg 1536w, https:\/\/livarose.com.tr\/wp-content\/uploads\/2025\/09\/vitrin-Ocean-2048x1365.jpg 2048w, https:\/\/livarose.com.tr\/wp-content\/uploads\/2025\/09\/vitrin-Ocean-1300x867.jpg 1300w\" sizes=\"(max-width: 1024px) 100vw, 1024px\" \/>\t\t\t\t\t\t\t\t\t\t\t\t\t\t\t<\/div>\n\t\t\t\t<\/div>\n\t\t\t\t<\/div>\n\t\t<div class=\"elementor-element elementor-element-fee7581 e-con-full e-flex e-con e-child\" data-id=\"fee7581\" data-element_type=\"container\" data-e-type=\"container\">\n\t\t\t\t<div class=\"elementor-element elementor-element-ca567b5 elementor-widget elementor-widget-image\" data-id=\"ca567b5\" data-element_type=\"widget\" data-e-type=\"widget\" data-widget_type=\"image.default\">\n\t\t\t\t<div class=\"elementor-widget-container\">\n\t\t\t\t\t\t\t\t\t\t\t\t\t\t\t<img decoding=\"async\" width=\"1024\" height=\"683\" src=\"https:\/\/livarose.com.tr\/wp-content\/uploads\/2025\/09\/vitrin-mango-1024x683.jpg\" class=\"attachment-large size-large wp-image-22389\" alt=\"\" srcset=\"https:\/\/livarose.com.tr\/wp-content\/uploads\/2025\/09\/vitrin-mango-1024x683.jpg 1024w, https:\/\/livarose.com.tr\/wp-content\/uploads\/2025\/09\/vitrin-mango-scaled-1000x667.jpg 1000w, https:\/\/livarose.com.tr\/wp-content\/uploads\/2025\/09\/vitrin-mango-300x200.jpg 300w, https:\/\/livarose.com.tr\/wp-content\/uploads\/2025\/09\/vitrin-mango-768x512.jpg 768w, https:\/\/livarose.com.tr\/wp-content\/uploads\/2025\/09\/vitrin-mango-340x227.jpg 340w, https:\/\/livarose.com.tr\/wp-content\/uploads\/2025\/09\/vitrin-mango-1536x1024.jpg 1536w, https:\/\/livarose.com.tr\/wp-content\/uploads\/2025\/09\/vitrin-mango-2048x1365.jpg 2048w, https:\/\/livarose.com.tr\/wp-content\/uploads\/2025\/09\/vitrin-mango-1300x867.jpg 1300w\" sizes=\"(max-width: 1024px) 100vw, 1024px\" \/>\t\t\t\t\t\t\t\t\t\t\t\t\t\t\t<\/div>\n\t\t\t\t<\/div>\n\t\t\t\t<\/div>\n\t\t\t\t\t<\/div>\n\t\t\t\t<\/div>\n\t\t<div class=\"elementor-element elementor-element-2eed6d6 e-flex e-con-boxed e-con e-parent\" data-id=\"2eed6d6\" data-element_type=\"container\" data-e-type=\"container\">\n\t\t\t\t\t<div class=\"e-con-inner\">\n\t\t\t\t<div class=\"elementor-element elementor-element-ae1b971 elementor-icon-list--layout-inline elementor-align-center elementor-mobile-align-center elementor-list-item-link-full_width elementor-widget elementor-widget-icon-list\" data-id=\"ae1b971\" data-element_type=\"widget\" data-e-type=\"widget\" data-widget_type=\"icon-list.default\">\n\t\t\t\t<div class=\"elementor-widget-container\">\n\t\t\t\t\t\t\t<ul class=\"elementor-icon-list-items elementor-inline-items\">\n\t\t\t\t\t\t\t<li class=\"elementor-icon-list-item elementor-inline-item\">\n\t\t\t\t\t\t\t\t\t\t\t<span class=\"elementor-icon-list-icon\">\n\t\t\t\t\t\t\t<i aria-hidden=\"true\" class=\"icomoon icomoon-truck\"><\/i>\t\t\t\t\t\t<\/span>\n\t\t\t\t\t\t\t\t\t\t<span class=\"elementor-icon-list-text\">H\u0131zl\u0131 ve \u00dccretsiz Kargo<\/span>\n\t\t\t\t\t\t\t\t\t<\/li>\n\t\t\t\t\t\t\t\t<li class=\"elementor-icon-list-item elementor-inline-item\">\n\t\t\t\t\t\t\t\t\t\t\t<span class=\"elementor-icon-list-icon\">\n\t\t\t\t\t\t\t<i aria-hidden=\"true\" class=\"icomoon icomoon-headphones\"><\/i>\t\t\t\t\t\t<\/span>\n\t\t\t\t\t\t\t\t\t\t<span class=\"elementor-icon-list-text\">Uzman M\u00fc\u015fteri Hizmetleri<\/span>\n\t\t\t\t\t\t\t\t\t<\/li>\n\t\t\t\t\t\t\t\t<li class=\"elementor-icon-list-item elementor-inline-item\">\n\t\t\t\t\t\t\t\t\t\t\t<span class=\"elementor-icon-list-icon\">\n\t\t\t\t\t\t\t<i aria-hidden=\"true\" class=\"icomoon icomoon-gift-box\"><\/i>\t\t\t\t\t\t<\/span>\n\t\t\t\t\t\t\t\t\t\t<span class=\"elementor-icon-list-text\">\u00dccretsiz hediye paketi<\/span>\n\t\t\t\t\t\t\t\t\t<\/li>\n\t\t\t\t\t\t<\/ul>\n\t\t\t\t\t\t<\/div>\n\t\t\t\t<\/div>\n\t\t\t\t\t<\/div>\n\t\t\t\t<\/div>\n\t\t<div class=\"elementor-element elementor-element-5fd3788 e-con-full e-flex e-con e-parent\" data-id=\"5fd3788\" data-element_type=\"container\" data-e-type=\"container\">\n\t\t\t\t<div class=\"elementor-element elementor-element-eade2bc elementor-widget-divider--view-line elementor-widget elementor-widget-divider\" data-id=\"eade2bc\" data-element_type=\"widget\" data-e-type=\"widget\" data-widget_type=\"divider.default\">\n\t\t\t\t<div class=\"elementor-widget-container\">\n\t\t\t\t\t\t\t<div class=\"elementor-divider\">\n\t\t\t<span class=\"elementor-divider-separator\">\n\t\t\t\t\t\t<\/span>\n\t\t<\/div>\n\t\t\t\t\t\t<\/div>\n\t\t\t\t<\/div>\n\t\t\t\t<\/div>\n\t\t<div class=\"elementor-element elementor-element-75818bd e-con-full e-flex e-con e-parent\" data-id=\"75818bd\" data-element_type=\"container\" data-e-type=\"container\">\n\t\t\t\t<div class=\"elementor-element elementor-element-7ca9792 elementor-widget-divider--view-line elementor-widget elementor-widget-divider\" data-id=\"7ca9792\" data-element_type=\"widget\" data-e-type=\"widget\" data-widget_type=\"divider.default\">\n\t\t\t\t<div class=\"elementor-widget-container\">\n\t\t\t\t\t\t\t<div class=\"elementor-divider\">\n\t\t\t<span class=\"elementor-divider-separator\">\n\t\t\t\t\t\t<\/span>\n\t\t<\/div>\n\t\t\t\t\t\t<\/div>\n\t\t\t\t<\/div>\n\t\t\t\t<\/div>\n\t\t<div class=\"elementor-element elementor-element-bea5a26 e-flex e-con-boxed e-con e-parent\" data-id=\"bea5a26\" data-element_type=\"container\" data-e-type=\"container\">\n\t\t\t\t\t<div class=\"e-con-inner\">\n\t\t\t\t<div class=\"elementor-element elementor-element-b4ff2bd elementor-widget elementor-widget-ts-products\" data-id=\"b4ff2bd\" data-element_type=\"widget\" data-e-type=\"widget\" data-widget_type=\"ts-products.default\">\n\t\t\t\t<div class=\"elementor-widget-container\">\n\t\t\t\t\t\t\t\t<div class=\"ts-elementor-lazy-load type-product title-default\">\n\t\t\t\t\t\t\t<div class=\"placeholder-widget-title\"><\/div>\n\t\t\t\t\t\t\t\t\n\t\t\t\t<div class=\"placeholder-items columns-5 is-slider\" style=\"--lazy-cols: 5\">\n\t\t\t\t\t\t\t\t\t<div class=\"placeholder-item\">\n\t\t\t\t\t\t<div class=\"placeholder-thumb\"><\/div>\n\t\t\t\t\t\t\t\t\t\t\t\t\t<div class=\"placeholder-title\"><\/div>\n\t\t\t\t\t\t\t\t\t\t\t\t\t\t\t<div class=\"placeholder-subtitle\"><\/div>\n\t\t\t\t\t\t\t\t\t\t\t\t\t\t\t\t\t\t<\/div>\n\t\t\t\t\t\t\t\t\t<div class=\"placeholder-item\">\n\t\t\t\t\t\t<div class=\"placeholder-thumb\"><\/div>\n\t\t\t\t\t\t\t\t\t\t\t\t\t<div class=\"placeholder-title\"><\/div>\n\t\t\t\t\t\t\t\t\t\t\t\t\t\t\t<div class=\"placeholder-subtitle\"><\/div>\n\t\t\t\t\t\t\t\t\t\t\t\t\t\t\t\t\t\t<\/div>\n\t\t\t\t\t\t\t\t\t<div class=\"placeholder-item\">\n\t\t\t\t\t\t<div class=\"placeholder-thumb\"><\/div>\n\t\t\t\t\t\t\t\t\t\t\t\t\t<div class=\"placeholder-title\"><\/div>\n\t\t\t\t\t\t\t\t\t\t\t\t\t\t\t<div class=\"placeholder-subtitle\"><\/div>\n\t\t\t\t\t\t\t\t\t\t\t\t\t\t\t\t\t\t<\/div>\n\t\t\t\t\t\t\t\t\t<div class=\"placeholder-item\">\n\t\t\t\t\t\t<div class=\"placeholder-thumb\"><\/div>\n\t\t\t\t\t\t\t\t\t\t\t\t\t<div class=\"placeholder-title\"><\/div>\n\t\t\t\t\t\t\t\t\t\t\t\t\t\t\t<div class=\"placeholder-subtitle\"><\/div>\n\t\t\t\t\t\t\t\t\t\t\t\t\t\t\t\t\t\t<\/div>\n\t\t\t\t\t\t\t\t\t<div class=\"placeholder-item\">\n\t\t\t\t\t\t<div class=\"placeholder-thumb\"><\/div>\n\t\t\t\t\t\t\t\t\t\t\t\t\t<div class=\"placeholder-title\"><\/div>\n\t\t\t\t\t\t\t\t\t\t\t\t\t\t\t<div class=\"placeholder-subtitle\"><\/div>\n\t\t\t\t\t\t\t\t\t\t\t\t\t\t\t\t\t\t<\/div>\n\t\t\t\t\t\t\t\t<\/div>\n\t\t\t<\/div>\n\t\t\t\t\t\t\t<\/div>\n\t\t\t\t<\/div>\n\t\t\t\t\t<\/div>\n\t\t\t\t<\/div>\n\t\t<div class=\"elementor-element elementor-element-46f68be e-con-full e-flex e-con e-parent\" data-id=\"46f68be\" data-element_type=\"container\" data-e-type=\"container\">\n\t\t\t\t<div class=\"elementor-element elementor-element-d805a8c elementor-widget-divider--view-line elementor-widget elementor-widget-divider\" data-id=\"d805a8c\" data-element_type=\"widget\" data-e-type=\"widget\" data-widget_type=\"divider.default\">\n\t\t\t\t<div class=\"elementor-widget-container\">\n\t\t\t\t\t\t\t<div class=\"elementor-divider\">\n\t\t\t<span class=\"elementor-divider-separator\">\n\t\t\t\t\t\t<\/span>\n\t\t<\/div>\n\t\t\t\t\t\t<\/div>\n\t\t\t\t<\/div>\n\t\t\t\t<\/div>\n\t\t\t\t<\/div>\n\t\t","protected":false},"excerpt":{"rendered":"<p>H\u0131zl\u0131 ve \u00dccretsiz Kargo Uzman M\u00fc\u015fteri Hizmetleri \u00dccretsiz hediye paketi Yeni \u00dcr\u00fcnler Quick view Compare Devam\u0131n\u0131 oku WATERPROFF MASKARA Devam\u0131n\u0131 oku Compare Quick view Compare Devam\u0131n\u0131 oku Livarose Bambu Oda Kokusu Ocean 100 ml Devam\u0131n\u0131 oku Compare Quick view Compare Devam\u0131n\u0131 oku Livarose Bambu Oda Kokusu Belisima 100 ml Devam\u0131n\u0131 oku Compare Quick view Compare [&hellip;]<\/p>\n","protected":false},"author":1,"featured_media":0,"parent":0,"menu_order":0,"comment_status":"closed","ping_status":"closed","template":"","meta":{"footnotes":""},"class_list":["post-21327","page","type-page","status-publish","hentry"],"_links":{"self":[{"href":"https:\/\/livarose.com.tr\/index.php\/wp-json\/wp\/v2\/pages\/21327","targetHints":{"allow":["GET"]}}],"collection":[{"href":"https:\/\/livarose.com.tr\/index.php\/wp-json\/wp\/v2\/pages"}],"about":[{"href":"https:\/\/livarose.com.tr\/index.php\/wp-json\/wp\/v2\/types\/page"}],"author":[{"embeddable":true,"href":"https:\/\/livarose.com.tr\/index.php\/wp-json\/wp\/v2\/users\/1"}],"replies":[{"embeddable":true,"href":"https:\/\/livarose.com.tr\/index.php\/wp-json\/wp\/v2\/comments?post=21327"}],"version-history":[{"count":22,"href":"https:\/\/livarose.com.tr\/index.php\/wp-json\/wp\/v2\/pages\/21327\/revisions"}],"predecessor-version":[{"id":22415,"href":"https:\/\/livarose.com.tr\/index.php\/wp-json\/wp\/v2\/pages\/21327\/revisions\/22415"}],"wp:attachment":[{"href":"https:\/\/livarose.com.tr\/index.php\/wp-json\/wp\/v2\/media?parent=21327"}],"curies":[{"name":"wp","href":"https:\/\/api.w.org\/{rel}","templated":true}]}}